{"id":2,"date":"2025-11-08T19:52:34","date_gmt":"2025-11-08T19:52:34","guid":{"rendered":"https:\/\/www.rainbowunited.at\/?page_id=2"},"modified":"2025-11-10T23:39:27","modified_gmt":"2025-11-10T22:39:27","slug":"home","status":"publish","type":"page","link":"https:\/\/www.rainbowunited.at\/","title":{"rendered":"Home"},"content":{"rendered":"\t\t<div data-elementor-type=\"wp-page\" data-elementor-id=\"2\" class=\"elementor elementor-2\">\n\t\t\t\t<div class=\"elementor-element elementor-element-8835cf1 e-flex e-con-boxed e-con e-parent\" data-id=\"8835cf1\" data-element_type=\"container\" data-e-type=\"container\">\n\t\t\t\t\t<div class=\"e-con-inner\">\n\t\t\t\t<div class=\"elementor-element elementor-element-187fa95 elementor-widget elementor-widget-spacer\" data-id=\"187fa95\" data-element_type=\"widget\" data-e-type=\"widget\" data-widget_type=\"spacer.default\">\n\t\t\t\t\t\t\t<div class=\"elementor-spacer\">\n\t\t\t<div class=\"elementor-spacer-inner\"><\/div>\n\t\t<\/div>\n\t\t\t\t\t\t<\/div>\n\t\t\t\t\t<\/div>\n\t\t\t\t<\/div>\n\t\t<div class=\"elementor-element elementor-element-2ce0986 e-flex e-con-boxed e-con e-parent\" data-id=\"2ce0986\" data-element_type=\"container\" data-e-type=\"container\">\n\t\t\t\t\t<div class=\"e-con-inner\">\n\t\t<div class=\"elementor-element elementor-element-653e171 e-con-full e-flex e-con e-child\" data-id=\"653e171\" data-element_type=\"container\" data-e-type=\"container\">\n\t\t\t\t<div class=\"elementor-element elementor-element-8363279 elementor-widget elementor-widget-image\" data-id=\"8363279\" data-element_type=\"widget\" data-e-type=\"widget\" data-widget_type=\"image.default\">\n\t\t\t\t\t\t\t\t\t\t\t\t\t\t\t<img fetchpriority=\"high\" decoding=\"async\" width=\"1024\" height=\"489\" src=\"https:\/\/www.rainbowunited.at\/wp-content\/uploads\/2025\/11\/Design-ohne-Titel-8-1024x489.png\" class=\"attachment-large size-large wp-image-14\" alt=\"\" srcset=\"https:\/\/www.rainbowunited.at\/wp-content\/uploads\/2025\/11\/Design-ohne-Titel-8-1024x489.png 1024w, https:\/\/www.rainbowunited.at\/wp-content\/uploads\/2025\/11\/Design-ohne-Titel-8-300x143.png 300w, https:\/\/www.rainbowunited.at\/wp-content\/uploads\/2025\/11\/Design-ohne-Titel-8-768x367.png 768w, https:\/\/www.rainbowunited.at\/wp-content\/uploads\/2025\/11\/Design-ohne-Titel-8-1536x734.png 1536w, https:\/\/www.rainbowunited.at\/wp-content\/uploads\/2025\/11\/Design-ohne-Titel-8.png 1685w\" sizes=\"(max-width: 1024px) 100vw, 1024px\" \/>\t\t\t\t\t\t\t\t\t\t\t\t\t\t\t<\/div>\n\t\t\t\t<div class=\"elementor-element elementor-element-84ea1d6 elementor-widget elementor-widget-text-editor\" data-id=\"84ea1d6\" data-element_type=\"widget\" data-e-type=\"widget\" data-widget_type=\"text-editor.default\">\n\t\t\t\t\t\t\t\t\t<h2 data-start=\"212\" data-end=\"280\">\ud83c\udf08 Die neue <em data-start=\"227\" data-end=\"243\">Rainbow United<\/em> \u2013 ab jetzt digital <strong data-start=\"263\" data-end=\"270\">und<\/strong> in Print!<\/h2><p>Zehn Jahre nach der ersten Ausgabe meldet sich die <em data-start=\"333\" data-end=\"349\">Rainbow United<\/em> st\u00e4rker und bunter denn je zur\u00fcck \u2013 mit frischem Design, neuen Stimmen und einer klaren Mission: die Vielfalt unserer Community sichtbar zu machen.<\/p>\t\t\t\t\t\t\t\t<\/div>\n\t\t\t\t<\/div>\n\t\t<div class=\"elementor-element elementor-element-cba4f9d e-con-full e-flex e-con e-child\" data-id=\"cba4f9d\" data-element_type=\"container\" data-e-type=\"container\">\n\t\t\t\t<div class=\"elementor-element elementor-element-4a91d12 elementor-widget elementor-widget-text-editor\" data-id=\"4a91d12\" data-element_type=\"widget\" data-e-type=\"widget\" data-widget_type=\"text-editor.default\">\n\t\t\t\t\t\t\t\t\t<p data-start=\"501\" data-end=\"888\">Ob am Bildschirm oder in den H\u00e4nden \u2013 <em data-start=\"539\" data-end=\"555\">Rainbow United<\/em> verbindet das Beste aus beiden Welten. Das Magazin der queeren Community Tirols berichtet \u00fcber Menschen, Projekte und Initiativen, die unsere Region bewegen. Von pers\u00f6nlichen Geschichten \u00fcber gesellschaftliche Entwicklungen bis zu Events, Kultur und queeren Alltagsmomenten: Wir zeigen, was Queerness in all ihren Farben bedeutet.<\/p><p data-start=\"890\" data-end=\"1129\">Mit der neuen digitalen Ausgabe bist du immer am Puls des Regenbogens \u2013 interaktiv, aktuell und \u00fcberall dabei. Gleichzeitig bleibt die Print-Version das Herzst\u00fcck unserer Arbeit: ein St\u00fcck Community zum Bl\u00e4ttern, Sammeln und Weitergeben.<\/p><p data-start=\"1131\" data-end=\"1374\">Ein besonderes Dankesch\u00f6n gilt unserem neuen Chefredakteur <strong data-start=\"1190\" data-end=\"1207\">Artus Jentsch<\/strong>, der gemeinsam mit dem Redaktionsteam frischen Wind in die <em data-start=\"1267\" data-end=\"1283\">Rainbow United<\/em> bringt und die Vision einer offenen, vernetzten und solidarischen Community weitertr\u00e4gt.<\/p><p data-start=\"1376\" data-end=\"1476\">Willkommen zur\u00fcck bei der <em data-start=\"1402\" data-end=\"1418\">Rainbow United<\/em> \u2013<br data-start=\"1420\" data-end=\"1423\" \/><strong data-start=\"1423\" data-end=\"1476\">mehr als ein Magazin \u2013 ein St\u00fcck queeres Zuhause.<\/strong><\/p>\t\t\t\t\t\t\t\t<\/div>\n\t\t\t\t<\/div>\n\t\t<div class=\"elementor-element elementor-element-79f6979 e-con-full e-flex e-con e-child\" data-id=\"79f6979\" data-element_type=\"container\" data-e-type=\"container\">\n\t\t\t\t<div class=\"elementor-element elementor-element-5d7ef2d elementor-widget elementor-widget-heading\" data-id=\"5d7ef2d\" data-element_type=\"widget\" data-e-type=\"widget\" data-widget_type=\"heading.default\">\n\t\t\t\t\t<h2 class=\"elementor-heading-title elementor-size-default\">\ud83c\udf10 Folge uns online:<\/h2>\t\t\t\t<\/div>\n\t\t\t\t<\/div>\n\t\t\t\t\t<\/div>\n\t\t\t\t<\/div>\n\t\t<div class=\"elementor-element elementor-element-e5ed79b e-flex e-con-boxed e-con e-parent\" data-id=\"e5ed79b\" data-element_type=\"container\" data-e-type=\"container\">\n\t\t\t\t\t<div class=\"e-con-inner\">\n\t\t<div class=\"elementor-element elementor-element-e4c5bdb e-grid e-con-full e-con e-child\" data-id=\"e4c5bdb\" data-element_type=\"container\" data-e-type=\"container\">\n\t\t\t\t<div class=\"elementor-element elementor-element-c9aacd5 elementor-widget elementor-widget-image\" data-id=\"c9aacd5\" data-element_type=\"widget\" data-e-type=\"widget\" data-widget_type=\"image.default\">\n\t\t\t\t\t\t\t\t\t\t\t\t\t\t\t\t<a href=\"https:\/\/www.facebook.com\/profile.php?id=61583482442823\">\n\t\t\t\t\t\t\t<img decoding=\"async\" width=\"512\" height=\"512\" src=\"https:\/\/www.rainbowunited.at\/wp-content\/uploads\/2025\/11\/facebook.png\" class=\"attachment-large size-large wp-image-42\" alt=\"\" srcset=\"https:\/\/www.rainbowunited.at\/wp-content\/uploads\/2025\/11\/facebook.png 512w, https:\/\/www.rainbowunited.at\/wp-content\/uploads\/2025\/11\/facebook-300x300.png 300w, https:\/\/www.rainbowunited.at\/wp-content\/uploads\/2025\/11\/facebook-150x150.png 150w\" sizes=\"(max-width: 512px) 100vw, 512px\" \/>\t\t\t\t\t\t\t\t<\/a>\n\t\t\t\t\t\t\t\t\t\t\t\t\t\t\t<\/div>\n\t\t\t\t<div class=\"elementor-element elementor-element-83d0d3f elementor-widget elementor-widget-image\" data-id=\"83d0d3f\" data-element_type=\"widget\" data-e-type=\"widget\" data-widget_type=\"image.default\">\n\t\t\t\t\t\t\t\t\t\t\t\t\t\t\t\t<a href=\"https:\/\/www.instagram.com\/rainbowunitednews\/\">\n\t\t\t\t\t\t\t<img decoding=\"async\" width=\"512\" height=\"512\" src=\"https:\/\/www.rainbowunited.at\/wp-content\/uploads\/2025\/11\/bike24-nutzt-fur-den-genannten-dienst-die-technische-plattform-von-instagram-facebook-ireland-ltd-4-grand-canal-square-dublin-2.png\" class=\"attachment-large size-large wp-image-43\" alt=\"\" srcset=\"https:\/\/www.rainbowunited.at\/wp-content\/uploads\/2025\/11\/bike24-nutzt-fur-den-genannten-dienst-die-technische-plattform-von-instagram-facebook-ireland-ltd-4-grand-canal-square-dublin-2.png 512w, https:\/\/www.rainbowunited.at\/wp-content\/uploads\/2025\/11\/bike24-nutzt-fur-den-genannten-dienst-die-technische-plattform-von-instagram-facebook-ireland-ltd-4-grand-canal-square-dublin-2-300x300.png 300w, https:\/\/www.rainbowunited.at\/wp-content\/uploads\/2025\/11\/bike24-nutzt-fur-den-genannten-dienst-die-technische-plattform-von-instagram-facebook-ireland-ltd-4-grand-canal-square-dublin-2-150x150.png 150w\" sizes=\"(max-width: 512px) 100vw, 512px\" \/>\t\t\t\t\t\t\t\t<\/a>\n\t\t\t\t\t\t\t\t\t\t\t\t\t\t\t<\/div>\n\t\t\t\t<div class=\"elementor-element elementor-element-3caf673 elementor-widget elementor-widget-image\" data-id=\"3caf673\" data-element_type=\"widget\" data-e-type=\"widget\" data-widget_type=\"image.default\">\n\t\t\t\t\t\t\t\t\t\t\t\t\t\t\t\t<a href=\"https:\/\/www.youtube.com\/@RainbowUnitedNews\">\n\t\t\t\t\t\t\t<img loading=\"lazy\" decoding=\"async\" width=\"512\" height=\"512\" src=\"https:\/\/www.rainbowunited.at\/wp-content\/uploads\/2025\/11\/youtube.png\" class=\"attachment-large size-large wp-image-44\" alt=\"\" srcset=\"https:\/\/www.rainbowunited.at\/wp-content\/uploads\/2025\/11\/youtube.png 512w, https:\/\/www.rainbowunited.at\/wp-content\/uploads\/2025\/11\/youtube-300x300.png 300w, https:\/\/www.rainbowunited.at\/wp-content\/uploads\/2025\/11\/youtube-150x150.png 150w\" sizes=\"(max-width: 512px) 100vw, 512px\" \/>\t\t\t\t\t\t\t\t<\/a>\n\t\t\t\t\t\t\t\t\t\t\t\t\t\t\t<\/div>\n\t\t\t\t<\/div>\n\t\t\t\t\t<\/div>\n\t\t\t\t<\/div>\n\t\t\t\t<\/div>\n\t\t","protected":false},"excerpt":{"rendered":"<p>\ud83c\udf08 Die neue Rainbow United \u2013 ab jetzt digital und in Print! Zehn Jahre nach der ersten Ausgabe meldet sich [&hellip;]<\/p>\n","protected":false},"author":1,"featured_media":0,"parent":0,"menu_order":0,"comment_status":"closed","ping_status":"closed","template":"","meta":{"site-sidebar-layout":"no-sidebar","site-content-layout":"","ast-site-content-layout":"full-width-container","site-content-style":"default","site-sidebar-style":"default","ast-global-header-display":"","ast-banner-title-visibility":"","ast-main-header-display":"","ast-hfb-above-header-display":"","ast-hfb-below-header-display":"","ast-hfb-mobile-header-display":"","site-post-title":"disabled","ast-breadcrumbs-content":"","ast-featured-img":"disabled","footer-sml-layout":"","ast-disable-related-posts":"","theme-transparent-header-meta":"","adv-header-id-meta":"","stick-header-meta":"","header-above-stick-meta":"","header-main-stick-meta":"","header-below-stick-meta":"","astra-migrate-meta-layouts":"default","ast-page-background-enabled":"default","ast-page-background-meta":{"desktop":{"background-color":"var(--ast-global-color-5)","background-image":"","background-repeat":"repeat","background-position":"center center","background-size":"auto","background-attachment":"scroll","background-type":"","background-media":"","overlay-type":"","overlay-color":"","overlay-opacity":"","overlay-gradient":""},"tablet":{"background-color":"","background-image":"","background-repeat":"repeat","background-position":"center center","background-size":"auto","background-attachment":"scroll","background-type":"","background-media":"","overlay-type":"","overlay-color":"","overlay-opacity":"","overlay-gradient":""},"mobile":{"background-color":"","background-image":"","background-repeat":"repeat","background-position":"center center","background-size":"auto","background-attachment":"scroll","background-type":"","background-media":"","overlay-type":"","overlay-color":"","overlay-opacity":"","overlay-gradient":""}},"ast-content-background-meta":{"desktop":{"background-color":"var(--ast-global-color-4)","background-image":"","background-repeat":"repeat","background-position":"center center","background-size":"auto","background-attachment":"scroll","background-type":"","background-media":"","overlay-type":"","overlay-color":"","overlay-opacity":"","overlay-gradient":""},"tablet":{"background-color":"var(--ast-global-color-4)","background-image":"","background-repeat":"repeat","background-position":"center center","background-size":"auto","background-attachment":"scroll","background-type":"","background-media":"","overlay-type":"","overlay-color":"","overlay-opacity":"","overlay-gradient":""},"mobile":{"background-color":"var(--ast-global-color-4)","background-image":"","background-repeat":"repeat","background-position":"center center","background-size":"auto","background-attachment":"scroll","background-type":"","background-media":"","overlay-type":"","overlay-color":"","overlay-opacity":"","overlay-gradient":""}},"footnotes":""},"class_list":["post-2","page","type-page","status-publish","hentry"],"_links":{"self":[{"href":"https:\/\/www.rainbowunited.at\/index.php?rest_route=\/wp\/v2\/pages\/2","targetHints":{"allow":["GET"]}}],"collection":[{"href":"https:\/\/www.rainbowunited.at\/index.php?rest_route=\/wp\/v2\/pages"}],"about":[{"href":"https:\/\/www.rainbowunited.at\/index.php?rest_route=\/wp\/v2\/types\/page"}],"author":[{"embeddable":true,"href":"https:\/\/www.rainbowunited.at\/index.php?rest_route=\/wp\/v2\/users\/1"}],"replies":[{"embeddable":true,"href":"https:\/\/www.rainbowunited.at\/index.php?rest_route=%2Fwp%2Fv2%2Fcomments&post=2"}],"version-history":[{"count":20,"href":"https:\/\/www.rainbowunited.at\/index.php?rest_route=\/wp\/v2\/pages\/2\/revisions"}],"predecessor-version":[{"id":75,"href":"https:\/\/www.rainbowunited.at\/index.php?rest_route=\/wp\/v2\/pages\/2\/revisions\/75"}],"wp:attachment":[{"href":"https:\/\/www.rainbowunited.at\/index.php?rest_route=%2Fwp%2Fv2%2Fmedia&parent=2"}],"curies":[{"name":"wp","href":"https:\/\/api.w.org\/{rel}","templated":true}]}}