{"id":63,"date":"2025-11-09T16:49:40","date_gmt":"2025-11-09T15:49:40","guid":{"rendered":"https:\/\/www.rainbowunited.at\/?page_id=2\/?page_id=63"},"modified":"2025-11-17T14:49:24","modified_gmt":"2025-11-17T13:49:24","slug":"das-queer-leben-in-tirol","status":"publish","type":"page","link":"https:\/\/www.rainbowunited.at\/?page_id=63","title":{"rendered":"Queer Leben in Tirol"},"content":{"rendered":"\t\t<div data-elementor-type=\"wp-page\" data-elementor-id=\"63\" class=\"elementor elementor-63\">\n\t\t\t\t<div class=\"elementor-element elementor-element-52f9cf0 e-flex e-con-boxed e-con e-parent\" data-id=\"52f9cf0\" data-element_type=\"container\" data-e-type=\"container\">\n\t\t\t\t\t<div class=\"e-con-inner\">\n\t\t\t\t<div class=\"elementor-element elementor-element-f84f835 elementor-widget elementor-widget-heading\" data-id=\"f84f835\" data-element_type=\"widget\" data-e-type=\"widget\" data-widget_type=\"heading.default\">\n\t\t\t\t\t<h2 class=\"elementor-heading-title elementor-size-default\">Queer Vereine <\/h2>\t\t\t\t<\/div>\n\t\t\t\t\t<\/div>\n\t\t\t\t<\/div>\n\t\t<div class=\"elementor-element elementor-element-575b068 e-grid e-con-boxed e-con e-parent\" data-id=\"575b068\" data-element_type=\"container\" data-e-type=\"container\">\n\t\t\t\t\t<div class=\"e-con-inner\">\n\t\t<div class=\"elementor-element elementor-element-166ec82 e-con-full e-flex e-con e-child\" data-id=\"166ec82\" data-element_type=\"container\" data-e-type=\"container\">\n\t\t\t\t<div class=\"elementor-element elementor-element-811e009 elementor-widget elementor-widget-image\" data-id=\"811e009\" data-element_type=\"widget\" data-e-type=\"widget\" data-widget_type=\"image.default\">\n\t\t\t\t\t\t\t\t\t\t\t\t\t\t\t\t<a href=\"http:\/\/hositirol.at\">\n\t\t\t\t\t\t\t<img decoding=\"async\" src=\"https:\/\/hositirol.at\/wp-content\/uploads\/2025\/11\/hosi_logo-main-768x384.png\" title=\"\" alt=\"HOSI Tirol Logo\" loading=\"lazy\" \/>\t\t\t\t\t\t\t\t<\/a>\n\t\t\t\t\t\t\t\t\t\t\t\t\t\t\t<\/div>\n\t\t\t\t<div class=\"elementor-element elementor-element-fbae4f4 elementor-widget elementor-widget-text-editor\" data-id=\"fbae4f4\" data-element_type=\"widget\" data-e-type=\"widget\" data-widget_type=\"text-editor.default\">\n\t\t\t\t\t\t\t\t\t<p><strong><a href=\"http:\/\/www.hositirol.at\">HOSI Tirol \u2013 Homosexuelle Initiative Tirol (Innsbruck)<\/a><\/strong><br \/>Queeres Zentrum &amp; Interessenvertretung der LGBTQIA+ Community in Tirol; gegr\u00fcndet am 1. Februar 1984. Beratungen, Stammtische, Community-Arbeit.<\/p>\t\t\t\t\t\t\t\t<\/div>\n\t\t\t\t<\/div>\n\t\t<div class=\"elementor-element elementor-element-95c20f4 e-con-full e-flex e-con e-child\" data-id=\"95c20f4\" data-element_type=\"container\" data-e-type=\"container\">\n\t\t\t\t<div class=\"elementor-element elementor-element-4aba93b elementor-widget elementor-widget-image\" data-id=\"4aba93b\" data-element_type=\"widget\" data-e-type=\"widget\" data-widget_type=\"image.default\">\n\t\t\t\t\t\t\t\t\t\t\t\t\t\t\t<img decoding=\"async\" src=\"https:\/\/pride-tirol-image-offloading.s3.eu-central-1.amazonaws.com\/wp-content\/uploads\/2025\/07\/20110955\/pride_logo_2025-300x141.png\" title=\"\" alt=\"Pride Tirol Logo\" loading=\"lazy\" \/>\t\t\t\t\t\t\t\t\t\t\t\t\t\t\t<\/div>\n\t\t\t\t<div class=\"elementor-element elementor-element-e038245 elementor-widget elementor-widget-text-editor\" data-id=\"e038245\" data-element_type=\"widget\" data-e-type=\"widget\" data-widget_type=\"text-editor.default\">\n\t\t\t\t\t\t\t\t\t\n<p><strong><a href=\"https:\/\/pride.tirol\">Pride Tirol<\/a> <\/strong><br \/>Verein hinter der <em>Innsbruck Pride<\/em> und weiteren Sichtbarkeits-\/Community-Events (u. a. Partyreihe <strong><a href=\"http:\/\/www,queerattack.at\">Queer Attack<\/a><\/strong>). Veranstater. Innsbruck Pride und Perlen Pride Kufstein !<\/p>\n\t\t\t\t\t\t\t\t<\/div>\n\t\t\t\t<\/div>\n\t\t<div class=\"elementor-element elementor-element-baa07c4 e-con-full e-flex e-con e-child\" data-id=\"baa07c4\" data-element_type=\"container\" data-e-type=\"container\">\n\t\t\t\t<div class=\"elementor-element elementor-element-0ef0c17 elementor-widget elementor-widget-image\" data-id=\"0ef0c17\" data-element_type=\"widget\" data-e-type=\"widget\" data-widget_type=\"image.default\">\n\t\t\t\t\t\t\t\t\t\t\t\t\t\t\t<img decoding=\"async\" src=\"https:\/\/static.wixstatic.com\/media\/dbabea_78f9d7f8bb954982866cb76ee41ca27f~mv2.png\/v1\/fill\/w_243,h_237,al_c,q_85,usm_0.66_1.00_0.01,enc_avif,quality_auto\/ZeSeGeTi_Logo4c%20Kopie.png\" title=\"\" alt=\"Zentrum f\u00fcr Sexuelle Gesundheit Tirol Logo\" loading=\"lazy\" \/>\t\t\t\t\t\t\t\t\t\t\t\t\t\t\t<\/div>\n\t\t\t\t<div class=\"elementor-element elementor-element-c9ac46f elementor-widget elementor-widget-text-editor\" data-id=\"c9ac46f\" data-element_type=\"widget\" data-e-type=\"widget\" data-widget_type=\"text-editor.default\">\n\t\t\t\t\t\t\t\t\t\n<p><strong data-start=\"676\" data-end=\"750\"><a href=\"https:\/\/www.sg-tirol.at\/\">Zentrum Sexuelle Gesundheit Tirol<\/a> \u2013 ehem. AIDS-Hilfe Tirol (Innsbruck)<\/strong><br data-start=\"750\" data-end=\"753\" \/>Testungen (HIV\/STIs), Beratung, Begleitung von Menschen mit HIV sowie <strong data-start=\"825\" data-end=\"865\">Queeres Bildungs- &amp; Kompetenzzentrum<\/strong>.<\/p>\n\t\t\t\t\t\t\t\t<\/div>\n\t\t\t\t<\/div>\n\t\t<div class=\"elementor-element elementor-element-010d305 e-con-full e-flex e-con e-child\" data-id=\"010d305\" data-element_type=\"container\" data-e-type=\"container\">\n\t\t\t\t<div class=\"elementor-element elementor-element-c837cf1 elementor-widget elementor-widget-image\" data-id=\"c837cf1\" data-element_type=\"widget\" data-e-type=\"widget\" data-widget_type=\"image.default\">\n\t\t\t\t\t\t\t\t\t\t\t\t\t\t\t<img fetchpriority=\"high\" decoding=\"async\" width=\"1024\" height=\"488\" src=\"https:\/\/www.rainbowunited.at\/wp-content\/uploads\/2025\/11\/cropped-Design-ohne-Titel-8-125x60.png\" class=\"attachment-large size-large wp-image-53\" alt=\"\" srcset=\"https:\/\/www.rainbowunited.at\/wp-content\/uploads\/2025\/11\/cropped-Design-ohne-Titel-8-1024x488.png 1024w, https:\/\/www.rainbowunited.at\/wp-content\/uploads\/2025\/11\/cropped-Design-ohne-Titel-8-300x143.png 300w, https:\/\/www.rainbowunited.at\/wp-content\/uploads\/2025\/11\/cropped-Design-ohne-Titel-8-768x366.png 768w, https:\/\/www.rainbowunited.at\/wp-content\/uploads\/2025\/11\/cropped-Design-ohne-Titel-8-1536x732.png 1536w, https:\/\/www.rainbowunited.at\/wp-content\/uploads\/2025\/11\/cropped-Design-ohne-Titel-8-125x60.png 125w, https:\/\/www.rainbowunited.at\/wp-content\/uploads\/2025\/11\/cropped-Design-ohne-Titel-8.png 1684w\" sizes=\"(max-width: 1024px) 100vw, 1024px\" \/>\t\t\t\t\t\t\t\t\t\t\t\t\t\t\t<\/div>\n\t\t\t\t<div class=\"elementor-element elementor-element-079e7d9 elementor-widget elementor-widget-text-editor\" data-id=\"079e7d9\" data-element_type=\"widget\" data-e-type=\"widget\" data-widget_type=\"text-editor.default\">\n\t\t\t\t\t\t\t\t\t\n<ul>\n<li><strong><a href=\"https:\/\/qck.tirol\/\">Queeres Chaos Kollektiv \u2013 QCK<\/a> (Innsbruck)<\/strong><br \/>Kollektiv mit Fokus auf trans*, inter*, nicht-bin\u00e4re &amp; queer-feministische Perspektiven; Veranstaltungen z. B. rund um Trans Awareness Week, Stammtische\/Events.<\/li>\n<\/ul>\n\t\t\t\t\t\t\t\t<\/div>\n\t\t\t\t<\/div>\n\t\t<div class=\"elementor-element elementor-element-524e74d e-con-full e-flex e-con e-child\" data-id=\"524e74d\" data-element_type=\"container\" data-e-type=\"container\">\n\t\t\t\t<div class=\"elementor-element elementor-element-512c8ca elementor-widget elementor-widget-image\" data-id=\"512c8ca\" data-element_type=\"widget\" data-e-type=\"widget\" data-widget_type=\"image.default\">\n\t\t\t\t\t\t\t\t\t\t\t\t<figure class=\"wp-caption\">\n\t\t\t\t\t\t\t\t\t\t<img decoding=\"async\" width=\"300\" height=\"143\" src=\"https:\/\/www.rainbowunited.at\/wp-content\/uploads\/2025\/11\/cropped-Design-ohne-Titel-8-125x60.png\" class=\"attachment-medium size-medium wp-image-53\" alt=\"\" srcset=\"https:\/\/www.rainbowunited.at\/wp-content\/uploads\/2025\/11\/cropped-Design-ohne-Titel-8-300x143.png 300w, https:\/\/www.rainbowunited.at\/wp-content\/uploads\/2025\/11\/cropped-Design-ohne-Titel-8-1024x488.png 1024w, https:\/\/www.rainbowunited.at\/wp-content\/uploads\/2025\/11\/cropped-Design-ohne-Titel-8-768x366.png 768w, https:\/\/www.rainbowunited.at\/wp-content\/uploads\/2025\/11\/cropped-Design-ohne-Titel-8-1536x732.png 1536w, https:\/\/www.rainbowunited.at\/wp-content\/uploads\/2025\/11\/cropped-Design-ohne-Titel-8-125x60.png 125w, https:\/\/www.rainbowunited.at\/wp-content\/uploads\/2025\/11\/cropped-Design-ohne-Titel-8.png 1684w\" sizes=\"(max-width: 300px) 100vw, 300px\" \/>\t\t\t\t\t\t\t\t\t\t\t<figcaption class=\"widget-image-caption wp-caption-text\"><\/figcaption>\n\t\t\t\t\t\t\t\t\t\t<\/figure>\n\t\t\t\t\t\t\t\t\t<\/div>\n\t\t\t\t<div class=\"elementor-element elementor-element-fbf013f elementor-widget elementor-widget-text-editor\" data-id=\"fbf013f\" data-element_type=\"widget\" data-e-type=\"widget\" data-widget_type=\"text-editor.default\">\n\t\t\t\t\t\t\t\t\t<ul>\n<li><strong><a href=\"https:\/\/www.courage-beratung.at\/team-innsbruck-2\/\">Beratungsstelle COURAGE \u2013 Standort Innsbruck<\/a><\/strong><br \/>Psychologische Beratung zu sexueller Orientierung &amp; geschlechtlicher Identit\u00e4t; Coming-out-Begleitung u. a. f\u00fcr Jugendliche\/junge Erwachsene.<\/li>\n<\/ul>\t\t\t\t\t\t\t\t<\/div>\n\t\t\t\t<\/div>\n\t\t<div class=\"elementor-element elementor-element-e289fd9 e-con-full e-flex e-con e-child\" data-id=\"e289fd9\" data-element_type=\"container\" data-e-type=\"container\">\n\t\t\t\t<div class=\"elementor-element elementor-element-91cefa6 elementor-widget elementor-widget-image\" data-id=\"91cefa6\" data-element_type=\"widget\" data-e-type=\"widget\" data-widget_type=\"image.default\">\n\t\t\t\t\t\t\t\t\t\t\t\t<figure class=\"wp-caption\">\n\t\t\t\t\t\t\t\t\t\t<img decoding=\"async\" width=\"300\" height=\"95\" src=\"https:\/\/www.rainbowunited.at\/wp-content\/uploads\/2025\/11\/FetischAlpenland-300x95.png\" class=\"attachment-medium size-medium wp-image-110\" alt=\"\" srcset=\"https:\/\/www.rainbowunited.at\/wp-content\/uploads\/2025\/11\/FetischAlpenland-300x95.png 300w, https:\/\/www.rainbowunited.at\/wp-content\/uploads\/2025\/11\/FetischAlpenland-1024x326.png 1024w, https:\/\/www.rainbowunited.at\/wp-content\/uploads\/2025\/11\/FetischAlpenland-768x244.png 768w, https:\/\/www.rainbowunited.at\/wp-content\/uploads\/2025\/11\/FetischAlpenland-1536x489.png 1536w, https:\/\/www.rainbowunited.at\/wp-content\/uploads\/2025\/11\/FetischAlpenland-2048x652.png 2048w\" sizes=\"(max-width: 300px) 100vw, 300px\" \/>\t\t\t\t\t\t\t\t\t\t\t<figcaption class=\"widget-image-caption wp-caption-text\"><\/figcaption>\n\t\t\t\t\t\t\t\t\t\t<\/figure>\n\t\t\t\t\t\t\t\t\t<\/div>\n\t\t\t\t<div class=\"elementor-element elementor-element-3ab3449 elementor-widget elementor-widget-text-editor\" data-id=\"3ab3449\" data-element_type=\"widget\" data-e-type=\"widget\" data-widget_type=\"text-editor.default\">\n\t\t\t\t\t\t\t\t\t<ul>\n<li><strong><a href=\"http:\/\/www.fetisch-alpenland.at\">Fetisch Alpenland<\/a> (Tirol\/Innsbruck)<\/strong><br \/>Gemeinn\u00fctziger Verein\/Interessensgemeinschaft rund um Aufkl\u00e4rung &amp; Community zu Fetisch\/Kink; kooperiert u. a. mit HOSI-Stammtischen.<\/li>\n<\/ul>\t\t\t\t\t\t\t\t<\/div>\n\t\t\t\t<\/div>\n\t\t<div class=\"elementor-element elementor-element-3baac8a e-con-full e-flex e-con e-child\" data-id=\"3baac8a\" data-element_type=\"container\" data-e-type=\"container\">\n\t\t\t\t<div class=\"elementor-element elementor-element-c26ad81 elementor-widget elementor-widget-image\" data-id=\"c26ad81\" data-element_type=\"widget\" data-e-type=\"widget\" data-widget_type=\"image.default\">\n\t\t\t\t\t\t\t\t\t\t\t\t<figure class=\"wp-caption\">\n\t\t\t\t\t\t\t\t\t\t<img decoding=\"async\" src=\"https:\/\/www.soho.or.at\/wp-content\/uploads\/2025\/07\/SoHo-Logo-2048x466.png\" title=\"\" alt=\"\" loading=\"lazy\" \/>\t\t\t\t\t\t\t\t\t\t\t<figcaption class=\"widget-image-caption wp-caption-text\"><\/figcaption>\n\t\t\t\t\t\t\t\t\t\t<\/figure>\n\t\t\t\t\t\t\t\t\t<\/div>\n\t\t\t\t<div class=\"elementor-element elementor-element-0975bde elementor-widget elementor-widget-text-editor\" data-id=\"0975bde\" data-element_type=\"widget\" data-e-type=\"widget\" data-widget_type=\"text-editor.default\">\n\t\t\t\t\t\t\t\t\t<ul>\n<li><em><strong><a href=\"https:\/\/www.soho.or.at\/bundeslander\/tirol\/\">SoHo Tirol \u2013 LGBTIQ<\/a>&#8211;<\/strong>Organisation der SP\u00d6 (Tirol)<\/em>*<br \/>Politische LGBTIQ*-Organisation in Tirol; Vernetzung, politische Bildungs- &amp; Aufkl\u00e4rungsarbeit. (Landesorganisation der bundesweiten SoHo.)<\/li>\n<\/ul>\t\t\t\t\t\t\t\t<\/div>\n\t\t\t\t<\/div>\n\t\t<div class=\"elementor-element elementor-element-26a4a93 e-con-full e-flex e-con e-child\" data-id=\"26a4a93\" data-element_type=\"container\" data-e-type=\"container\">\n\t\t\t\t<div class=\"elementor-element elementor-element-209fff1 elementor-widget elementor-widget-image\" data-id=\"209fff1\" data-element_type=\"widget\" data-e-type=\"widget\" data-widget_type=\"image.default\">\n\t\t\t\t\t\t\t\t\t\t\t\t<figure class=\"wp-caption\">\n\t\t\t\t\t\t\t\t\t\t<img decoding=\"async\" src=\"https:\/\/andersrum.gruene.at\/wp-content\/uploads\/sites\/27\/2022\/03\/Logo-Gruene-Andersrum-Wien-2013.png\" title=\"\" alt=\"\" loading=\"lazy\" \/>\t\t\t\t\t\t\t\t\t\t\t<figcaption class=\"widget-image-caption wp-caption-text\"><\/figcaption>\n\t\t\t\t\t\t\t\t\t\t<\/figure>\n\t\t\t\t\t\t\t\t\t<\/div>\n\t\t\t\t<div class=\"elementor-element elementor-element-e41f3bc elementor-widget elementor-widget-text-editor\" data-id=\"e41f3bc\" data-element_type=\"widget\" data-e-type=\"widget\" data-widget_type=\"text-editor.default\">\n\t\t\t\t\t\t\t\t\t<ul class=\"wp-block-list\">\n<li><strong><a href=\"https:\/\/www.facebook.com\/andersrumtirol\">Gr\u00fcne Andersrum Tirol<\/a> (Innsbruck \/ Tirolweit)<\/strong><br \/>Queer-politische Teilorganisation der <em>Gr\u00fcnen Tirol<\/em>. Setzt sich f\u00fcr die Rechte, Sichtbarkeit und Gleichstellung von LGBTQIA+-Personen in Politik und Gesellschaft ein.<\/li>\n<\/ul>\t\t\t\t\t\t\t\t<\/div>\n\t\t\t\t<\/div>\n\t\t\t\t\t<\/div>\n\t\t\t\t<\/div>\n\t\t<div class=\"elementor-element elementor-element-4e58416 e-flex e-con-boxed e-con e-parent\" data-id=\"4e58416\" data-element_type=\"container\" data-e-type=\"container\">\n\t\t\t\t\t<div class=\"e-con-inner\">\n\t\t\t\t<div class=\"elementor-element elementor-element-fcd6b9f elementor-widget elementor-widget-heading\" data-id=\"fcd6b9f\" data-element_type=\"widget\" data-e-type=\"widget\" data-widget_type=\"heading.default\">\n\t\t\t\t\t<h2 class=\"elementor-heading-title elementor-size-default\">Queer und Queer Friendly Lokale<\/h2>\t\t\t\t<\/div>\n\t\t\t\t\t<\/div>\n\t\t\t\t<\/div>\n\t\t<div class=\"elementor-element elementor-element-0f724f9 e-grid e-con-full e-con e-parent\" data-id=\"0f724f9\" data-element_type=\"container\" data-e-type=\"container\">\n\t\t<div class=\"elementor-element elementor-element-e450111 e-con-full e-flex e-con e-child\" data-id=\"e450111\" data-element_type=\"container\" data-e-type=\"container\">\n\t\t\t\t<div class=\"elementor-element elementor-element-9d8ee4e elementor-widget elementor-widget-image\" data-id=\"9d8ee4e\" data-element_type=\"widget\" data-e-type=\"widget\" data-widget_type=\"image.default\">\n\t\t\t\t\t\t\t\t\t\t\t\t\t\t\t\t<a href=\"http:\/\/hositirol.at\">\n\t\t\t\t\t\t\t<img loading=\"lazy\" decoding=\"async\" width=\"243\" height=\"59\" src=\"https:\/\/www.rainbowunited.at\/wp-content\/uploads\/2025\/11\/65ce39657f56f389ff66fbed_Logo.png\" class=\"attachment-large size-large wp-image-104\" alt=\"\" \/>\t\t\t\t\t\t\t\t<\/a>\n\t\t\t\t\t\t\t\t\t\t\t\t\t\t\t<\/div>\n\t\t\t\t<div class=\"elementor-element elementor-element-ef5e5b2 elementor-widget elementor-widget-text-editor\" data-id=\"ef5e5b2\" data-element_type=\"widget\" data-e-type=\"widget\" data-widget_type=\"text-editor.default\">\n\t\t\t\t\t\t\t\t\t<p><strong data-start=\"120\" data-end=\"312\"><a href=\"https:\/\/mariatheresia.com\/\">Mariatheresia Innsbruck<\/a> \u2013 Eventlocation und Bar im Zentrum (Maria-Theresien-Str. 51\/53), queer-friendly und Gastgeber der monatlichen Partyreihe Queer Attack (organisiert von Pride Tirol).<\/strong><\/p>\t\t\t\t\t\t\t\t<\/div>\n\t\t\t\t<\/div>\n\t\t<div class=\"elementor-element elementor-element-1dacf4d e-con-full e-flex e-con e-child\" data-id=\"1dacf4d\" data-element_type=\"container\" data-e-type=\"container\">\n\t\t\t\t<div class=\"elementor-element elementor-element-6fe2cb3 elementor-widget elementor-widget-image\" data-id=\"6fe2cb3\" data-element_type=\"widget\" data-e-type=\"widget\" data-widget_type=\"image.default\">\n\t\t\t\t\t\t\t\t\t\t\t\t\t\t\t<img fetchpriority=\"high\" decoding=\"async\" width=\"1024\" height=\"488\" src=\"https:\/\/www.rainbowunited.at\/wp-content\/uploads\/2025\/11\/cropped-Design-ohne-Titel-8-125x60.png\" class=\"attachment-large size-large wp-image-53\" alt=\"\" srcset=\"https:\/\/www.rainbowunited.at\/wp-content\/uploads\/2025\/11\/cropped-Design-ohne-Titel-8-1024x488.png 1024w, https:\/\/www.rainbowunited.at\/wp-content\/uploads\/2025\/11\/cropped-Design-ohne-Titel-8-300x143.png 300w, https:\/\/www.rainbowunited.at\/wp-content\/uploads\/2025\/11\/cropped-Design-ohne-Titel-8-768x366.png 768w, https:\/\/www.rainbowunited.at\/wp-content\/uploads\/2025\/11\/cropped-Design-ohne-Titel-8-1536x732.png 1536w, https:\/\/www.rainbowunited.at\/wp-content\/uploads\/2025\/11\/cropped-Design-ohne-Titel-8-125x60.png 125w, https:\/\/www.rainbowunited.at\/wp-content\/uploads\/2025\/11\/cropped-Design-ohne-Titel-8.png 1684w\" sizes=\"(max-width: 1024px) 100vw, 1024px\" \/>\t\t\t\t\t\t\t\t\t\t\t\t\t\t\t<\/div>\n\t\t\t\t<div class=\"elementor-element elementor-element-54eb064 elementor-widget elementor-widget-text-editor\" data-id=\"54eb064\" data-element_type=\"widget\" data-e-type=\"widget\" data-widget_type=\"text-editor.default\">\n\t\t\t\t\t\t\t\t\t\n<ul>\n<li><strong><a href=\"https:\/\/together-bar.com\/\">TOGETHER Bar<\/a> (Innsbruck)<\/strong><br \/>Queerfreundliche Bar und Club in Innsbruck (Maria-Theresien-Stra\u00dfe 49) \u2013 Treffpunkt f\u00fcr die Szene mit Musik, Events und Gemeinschaftsatmosph\u00e4re.<\/li>\n<\/ul>\n\t\t\t\t\t\t\t\t<\/div>\n\t\t\t\t<\/div>\n\t\t<div class=\"elementor-element elementor-element-6ac854a e-con-full e-flex e-con e-child\" data-id=\"6ac854a\" data-element_type=\"container\" data-e-type=\"container\">\n\t\t\t\t<div class=\"elementor-element elementor-element-55613ad elementor-widget elementor-widget-image\" data-id=\"55613ad\" data-element_type=\"widget\" data-e-type=\"widget\" data-widget_type=\"image.default\">\n\t\t\t\t\t\t\t\t\t\t\t\t\t\t\t<img loading=\"lazy\" decoding=\"async\" width=\"1024\" height=\"692\" src=\"https:\/\/www.rainbowunited.at\/wp-content\/uploads\/2025\/11\/logo-1024x692.gif\" class=\"attachment-large size-large wp-image-94\" alt=\"\" srcset=\"https:\/\/www.rainbowunited.at\/wp-content\/uploads\/2025\/11\/logo-1024x692.gif 1024w, https:\/\/www.rainbowunited.at\/wp-content\/uploads\/2025\/11\/logo-300x203.gif 300w, https:\/\/www.rainbowunited.at\/wp-content\/uploads\/2025\/11\/logo-768x519.gif 768w\" sizes=\"(max-width: 1024px) 100vw, 1024px\" \/>\t\t\t\t\t\t\t\t\t\t\t\t\t\t\t<\/div>\n\t\t\t\t<div class=\"elementor-element elementor-element-6f6d88a elementor-widget elementor-widget-text-editor\" data-id=\"6f6d88a\" data-element_type=\"widget\" data-e-type=\"widget\" data-widget_type=\"text-editor.default\">\n\t\t\t\t\t\t\t\t\t\n<ul>\n<li><strong><a href=\"https:\/\/www.mm-bar.at\/\">M+M Bar<\/a> (Innsbruck)<\/strong><br \/>Stilvolle Cocktail- und Lounge-Bar mit offenem, queer freundlichem Publikum mitten in Innsbruck. Beliebt f\u00fcr ihre gem\u00fctliche Atmosph\u00e4re, gute Drinks und als Treffpunkt vor oder nach queeren Events. Ein fester Bestandteil des Innsbrucker Nachtlebens \u2013 offen, herzlich und bunt.<\/li>\n<\/ul>\n\t\t\t\t\t\t\t\t<\/div>\n\t\t\t\t<\/div>\n\t\t<div class=\"elementor-element elementor-element-46764af e-con-full e-flex e-con e-child\" data-id=\"46764af\" data-element_type=\"container\" data-e-type=\"container\">\n\t\t\t\t<div class=\"elementor-element elementor-element-06c5b25 elementor-widget elementor-widget-image\" data-id=\"06c5b25\" data-element_type=\"widget\" data-e-type=\"widget\" data-widget_type=\"image.default\">\n\t\t\t\t\t\t\t\t\t\t\t\t\t\t\t<img loading=\"lazy\" decoding=\"async\" width=\"958\" height=\"566\" src=\"https:\/\/www.rainbowunited.at\/wp-content\/uploads\/2025\/11\/WhatsApp-Image-2025-11-16-at-01.01.36.jpeg\" class=\"attachment-large size-large wp-image-87\" alt=\"\" srcset=\"https:\/\/www.rainbowunited.at\/wp-content\/uploads\/2025\/11\/WhatsApp-Image-2025-11-16-at-01.01.36.jpeg 958w, https:\/\/www.rainbowunited.at\/wp-content\/uploads\/2025\/11\/WhatsApp-Image-2025-11-16-at-01.01.36-300x177.jpeg 300w, https:\/\/www.rainbowunited.at\/wp-content\/uploads\/2025\/11\/WhatsApp-Image-2025-11-16-at-01.01.36-768x454.jpeg 768w\" sizes=\"(max-width: 958px) 100vw, 958px\" \/>\t\t\t\t\t\t\t\t\t\t\t\t\t\t\t<\/div>\n\t\t\t\t<div class=\"elementor-element elementor-element-7c21107 elementor-widget elementor-widget-text-editor\" data-id=\"7c21107\" data-element_type=\"widget\" data-e-type=\"widget\" data-widget_type=\"text-editor.default\">\n\t\t\t\t\t\t\t\t\t\n<ul>\n<li><a href=\"http:\/\/www.club69.tirol\">Club69<\/a> Innsbruck \u2013 ein moderner Mainstream-Club, jederzeit queer-friendly und Gastgeber von Events wie Queereos und der Tiroler Viecherei.<\/li>\n<\/ul>\n\t\t\t\t\t\t\t\t<\/div>\n\t\t\t\t<\/div>\n\t\t\t\t<\/div>\n\t\t\t\t<\/div>\n\t\t","protected":false},"excerpt":{"rendered":"<p>Queer Vereine HOSI Tirol \u2013 Homosexuelle Initiative Tirol (Innsbruck)Queeres Zentrum &amp; Interessenvertretung der LGBTQIA+ Community in Tirol; gegr\u00fcndet am 1. [&hellip;]<\/p>\n","protected":false},"author":1,"featured_media":0,"parent":0,"menu_order":1,"comment_status":"closed","ping_status":"closed","template":"","meta":{"site-sidebar-layout":"default","site-content-layout":"","ast-site-content-layout":"default","site-content-style":"default","site-sidebar-style":"default","ast-global-header-display":"","ast-banner-title-visibility":"","ast-main-header-display":"","ast-hfb-above-header-display":"","ast-hfb-below-header-display":"","ast-hfb-mobile-header-display":"","site-post-title":"disabled","ast-breadcrumbs-content":"","ast-featured-img":"","footer-sml-layout":"","ast-disable-related-posts":"","theme-transparent-header-meta":"","adv-header-id-meta":"","stick-header-meta":"","header-above-stick-meta":"","header-main-stick-meta":"","header-below-stick-meta":"","astra-migrate-meta-layouts":"default","ast-page-background-enabled":"default","ast-page-background-meta":{"desktop":{"background-color":"var(--ast-global-color-5)","background-image":"","background-repeat":"repeat","background-position":"center center","background-size":"auto","background-attachment":"scroll","background-type":"","background-media":"","overlay-type":"","overlay-color":"","overlay-opacity":"","overlay-gradient":""},"tablet":{"background-color":"","background-image":"","background-repeat":"repeat","background-position":"center center","background-size":"auto","background-attachment":"scroll","background-type":"","background-media":"","overlay-type":"","overlay-color":"","overlay-opacity":"","overlay-gradient":""},"mobile":{"background-color":"","background-image":"","background-repeat":"repeat","background-position":"center center","background-size":"auto","background-attachment":"scroll","background-type":"","background-media":"","overlay-type":"","overlay-color":"","overlay-opacity":"","overlay-gradient":""}},"ast-content-background-meta":{"desktop":{"background-color":"var(--ast-global-color-4)","background-image":"","background-repeat":"repeat","background-position":"center center","background-size":"auto","background-attachment":"scroll","background-type":"","background-media":"","overlay-type":"","overlay-color":"","overlay-opacity":"","overlay-gradient":""},"tablet":{"background-color":"var(--ast-global-color-4)","background-image":"","background-repeat":"repeat","background-position":"center center","background-size":"auto","background-attachment":"scroll","background-type":"","background-media":"","overlay-type":"","overlay-color":"","overlay-opacity":"","overlay-gradient":""},"mobile":{"background-color":"var(--ast-global-color-4)","background-image":"","background-repeat":"repeat","background-position":"center center","background-size":"auto","background-attachment":"scroll","background-type":"","background-media":"","overlay-type":"","overlay-color":"","overlay-opacity":"","overlay-gradient":""}},"footnotes":""},"class_list":["post-63","page","type-page","status-publish","hentry"],"_links":{"self":[{"href":"https:\/\/www.rainbowunited.at\/index.php?rest_route=\/wp\/v2\/pages\/63","targetHints":{"allow":["GET"]}}],"collection":[{"href":"https:\/\/www.rainbowunited.at\/index.php?rest_route=\/wp\/v2\/pages"}],"about":[{"href":"https:\/\/www.rainbowunited.at\/index.php?rest_route=\/wp\/v2\/types\/page"}],"author":[{"embeddable":true,"href":"https:\/\/www.rainbowunited.at\/index.php?rest_route=\/wp\/v2\/users\/1"}],"replies":[{"embeddable":true,"href":"https:\/\/www.rainbowunited.at\/index.php?rest_route=%2Fwp%2Fv2%2Fcomments&post=63"}],"version-history":[{"count":34,"href":"https:\/\/www.rainbowunited.at\/index.php?rest_route=\/wp\/v2\/pages\/63\/revisions"}],"predecessor-version":[{"id":121,"href":"https:\/\/www.rainbowunited.at\/index.php?rest_route=\/wp\/v2\/pages\/63\/revisions\/121"}],"wp:attachment":[{"href":"https:\/\/www.rainbowunited.at\/index.php?rest_route=%2Fwp%2Fv2%2Fmedia&parent=63"}],"curies":[{"name":"wp","href":"https:\/\/api.w.org\/{rel}","templated":true}]}}